{"id":41,"date":"2024-10-28T13:15:06","date_gmt":"2024-10-28T12:15:06","guid":{"rendered":"https:\/\/ettweingartenlounge.gildner.dev\/?page_id=41"},"modified":"2024-12-09T15:46:10","modified_gmt":"2024-12-09T14:46:10","slug":"impressum","status":"publish","type":"page","link":"https:\/\/www.ettwein.de\/gartenlounge\/impressum\/","title":{"rendered":"Impressum"},"content":{"rendered":"<div class=\"wp-bootstrap-blocks-container container mb-2 impressum-container\">\n\t\n\n<h2 class=\"wp-block-heading\">Impressum<\/h2>\n\n\n\n<div style=\"height:50px\" aria-hidden=\"true\" class=\"wp-block-spacer\"><\/div>\n\n\n\n<p class=\"h4\"><strong>Angaben gem\u00e4\u00df \u00a7 5 TMG:<\/strong><\/p>\n\n\n\n<p><strong>Werner Ettwein GmbH<\/strong><br>Eckweg 1<br>78048 Villingen-Schwenningen<\/p>\n\n\n\n<p>Telefon: <a href=\"tel:+49772198750\">+49 7721 9875-0\u2028<\/a><br>Fax: <a href=\"fax:+49 7721 9875-30\">+49 7721 9875-30<\/a><br><a href=\"mailto:info@ettwein.de\">info@ettwein.de<\/a><\/p>\n\n\n\n<p><strong>Vertretungsberechtigter Gesch\u00e4ftsf\u00fchrer:<br><\/strong>Steffen Ettwein<\/p>\n\n\n\n<p><strong>Handelsregistereintrag:<\/strong><br>Amtsgericht&nbsp;Freiburg i. Br. HRB 602983<\/p>\n\n\n\n<p><strong>Unsere \u00d6ffungszeiten:<\/strong><br>Montag bis Freitag von 7.30 Uhr bis 18.00 Uhr<br>Samstags nach Vereinbarung<\/p>\n\n\n\n<div style=\"height:30px\" aria-hidden=\"true\" class=\"wp-block-spacer\"><\/div>\n\n\n\n<h3 class=\"wp-block-heading\">Haftungsausschluss f\u00fcr unsere Websites<\/h3>\n\n\n\n<div style=\"height:30px\" aria-hidden=\"true\" class=\"wp-block-spacer\"><\/div>\n\n\n\n<p><strong>1. Inhalt des Onlineangebotes<\/strong><br>Der Autor dieser Website \u00fcbernimmt keinerlei Gew\u00e4hr f\u00fcr die Aktualit\u00e4t, Korrektheit, Vollst\u00e4ndigkeit oder Qualit\u00e4t der bereitgestellten Informationen. Haftungsanspr\u00fcche gegen den Autor, welche sich auf Sch\u00e4den ideeller oder materieller Art beziehen, die durch die Nutzung oder Nichtnutzung der dargebotenen Informationen bzw. durch die Nutzung fehlerhafter oder unvollst\u00e4ndiger Informationen verursacht wurden, sind grunds\u00e4tzlich ausgeschlossen, sofern seitens des Autors dieser Website kein nachweislich vors\u00e4tzliches oder grob fahrl\u00e4ssiges Verschulden vorliegt.<\/p>\n\n\n\n<p>Die Angebote sind freibleibend und unverbindlich. Der Autor beh\u00e4lt es sich ausdr\u00fccklich vor, Teile dieser Seiten oder das gesamte Angebot ohne gesonderte Ank\u00fcndigung zu ver\u00e4ndern, zu erg\u00e4nzen, zu l\u00f6schen und die Ver\u00f6ffentlichung zeitweise oder endg\u00fcltig und vollkommen einzustellen.<\/p>\n\n\n\n<div style=\"height:30px\" aria-hidden=\"true\" class=\"wp-block-spacer\"><\/div>\n\n\n\n<p><strong>2. Verweise und Links<\/strong><br>Bei indirekten und direkten Verweisen auf fremde Webseiten durch Hyperlinks, die au\u00dferhalb des Verantwortungsbereiches des Autors liegen, w\u00fcrde eine Haftungsverpflichtung ausschlie\u00dflich in dem Fall in Kraft treten, in dem der Autor dieser Website von den Inhalten Kenntnis hat und es ihm technisch m\u00f6glich und sowohl zumutbar w\u00e4re, die Nutzung im Falle rechtswidriger Inhalte zu verhindern.<\/p>\n\n\n\n<p>Der Autor dieser Website erkl\u00e4rt hiermit, dass zum Zeitpunkt der Linksetzung keine illegalen Inhalte auf den zu verlinkenden Seiten erkennbar oder ersichtlich waren. Auf die aktuelle \/ zuk\u00fcnftige Gestaltung, die Inhalte oder die Urheberschaft der gelinkten\/verkn\u00fcpften Seiten hat der Autor dieser Website keinerlei Einfluss. Deshalb distanziert wir uns hiermit ausdr\u00fccklich von allen Inhalten aller gelinkten und\/oder verkn\u00fcpften Seiten, die nach der Linksetzung ver\u00e4ndert wurden. Diese Feststellung gilt f\u00fcr alle innerhalb dieses eigenen Internetangebotes gesetzten Links und Verweise sowie f\u00fcr Fremdeintr\u00e4ge in vom Autor eingerichteten G\u00e4steb\u00fcchern, Diskussionsforen \/ Mailinglisten. F\u00fcr illegale, fehlerhafte oder unvollst\u00e4ndige Inhalte und insbesondere f\u00fcr Sch\u00e4den, welche aus der Nutzung oder Nichtnutzung solcherart dargebotener Informationen entstehen, haftet allein der Anbieter der Seite, auf welche verwiesen wurde, nicht derjenige, welcher \u00fcber Links auf die jeweilige Ver\u00f6ffentlichung lediglich verweist.<\/p>\n\n\n\n<div style=\"height:30px\" aria-hidden=\"true\" class=\"wp-block-spacer\"><\/div>\n\n\n\n<p><strong>3. Urheber- und Kennzeichenrecht<\/strong><br>Der Autor dieser Website ist bestrebt, in allen Publikationen die Urheberrechte der verwendeten Tondokumente, Grafiken, Videosequenzen und Texte zu beachten, von ihm selbst erstellte Grafiken, Videosequenzen, Tondokumente und Texte zu nutzen oder auf lizenzfreie Videosequenzen, Grafiken, Tondokumente und Texte zur\u00fcckzugreifen.<\/p>\n\n\n\n<p>Alle innerhalb des Internetangebotes genannten und evtl. durch Dritte gesch\u00fctzten Waren- und Markenzeichen unterliegen uneingeschr\u00e4nkt den Bestimmungen des jeweils g\u00fcltigen Kennzeichenrechts und den Besitzrechten der jeweiligen eingetragenen Eigent\u00fcmer. Allein aufgrund der blo\u00dfen Nennung ist nicht der Schluss zu ziehen, das Markenzeichen nicht durch Rechte Dritter gesch\u00fctzt sind.<\/p>\n\n\n\n<p>Das Copyright f\u00fcr ver\u00f6ffentlichte, vom Autor selbst erstellte Objekte bleibt beim Autor der Seiten. Eine Vervielf\u00e4ltigung oder Verwendung der Grafiken, Tondokumente, Videosequenzen und Texte in anderen elektronischen oder gedruckten Publikationen ist ohne ausdr\u00fcckliche Zustimmung des Autors nicht gestattet.<\/p>\n\n\n\n<p>Hinweis:<br><em>Ausschlie\u00dflich zur besseren Lesbarkeit wird auf die geschlechtsspezifische Schreibweise verzichtet. Alle personenbezogenen Bezeichnungen sind auf der gesamten Website und den eingebundenen Dateien geschlechtsneutral zu verstehen.<\/em><\/p>\n\n\n\n<div style=\"height:30px\" aria-hidden=\"true\" class=\"wp-block-spacer\"><\/div>\n\n\n\n<h3 class=\"wp-block-heading\">Bildquellen<\/h3>\n\n\n\n<p><a href=\"https:\/\/www.diehagens.com\/\" target=\"_blank\" rel=\"noreferrer noopener\">HagenFotoDesign &#8211; Die.Hagens<\/a><\/p>\n\n\n\n<p>Zwei Tischler bearbeiten gemeinsam ein Holzst\u00fcck: <a href=\"https:\/\/stock.adobe.com\/de\/images\/professional-carpenters-woodworking-team-work-together-creatively-creative-carpenter-working-workshop-for-wooden-craftman-with-wood\/427262057\" target=\"_blank\" rel=\"noreferrer noopener\">stock.adobe.com | chokniti<\/a><\/p>\n\n\n\n<p>Ein Tischler bearbeitet ein St\u00fcck Holz: <a href=\"https:\/\/stock.adobe.com\/de\/images\/a-carpenter-inspecting-a-piece-of-wood-for-defects-symbolizing-quality-control-and-selection-in-carpentry-wood-inspection-quality-control\/990660224\" target=\"_blank\" rel=\"noreferrer noopener\">stock.adobe.com | Natalia<\/a><\/p>\n\n\n\n<p>Alter Hobel und andere Vintage-Tischlerwerkzeuge in einer Tischlerei: <a href=\"https:\/\/stock.adobe.com\/de\/images\/old-planer-and-other-vintage-carpenter-tools-in-a-carpentry-workshop\/262514916\" target=\"_blank\" rel=\"noreferrer noopener\">stock.adobe.com | weyo<\/a><\/p>\n\n<\/div>\n","protected":false},"excerpt":{"rendered":"","protected":false},"author":1,"featured_media":0,"parent":0,"menu_order":8,"comment_status":"closed","ping_status":"closed","template":"","meta":{"_acf_changed":false,"pgc_sgb_lightbox_settings":"","footnotes":""},"class_list":["post-41","page","type-page","status-publish","hentry"],"acf":[],"yoast_head":"<!-- This site is optimized with the Yoast SEO plugin v24.0 - https:\/\/yoast.com\/wordpress\/plugins\/seo\/ -->\n<title>Impressum - Ettwein Gartenlounge<\/title>\n<meta name=\"robots\" content=\"index, follow, max-snippet:-1, max-image-preview:large, max-video-preview:-1\" \/>\n<link rel=\"canonical\" href=\"https:\/\/www.ettwein.de\/gartenlounge\/impressum\/\" \/>\n<meta property=\"og:locale\" content=\"de_DE\" \/>\n<meta property=\"og:type\" content=\"article\" \/>\n<meta property=\"og:title\" content=\"Impressum - Ettwein Gartenlounge\" \/>\n<meta property=\"og:url\" content=\"https:\/\/www.ettwein.de\/gartenlounge\/impressum\/\" \/>\n<meta property=\"og:site_name\" content=\"Ettwein Gartenlounge\" \/>\n<meta property=\"article:publisher\" content=\"https:\/\/www.facebook.com\/EttweinHolzbau\/?locale=de_DE\" \/>\n<meta property=\"article:modified_time\" content=\"2024-12-09T14:46:10+00:00\" \/>\n<meta name=\"twitter:card\" content=\"summary_large_image\" \/>\n<script type=\"application\/ld+json\" class=\"yoast-schema-graph\">{\"@context\":\"https:\/\/schema.org\",\"@graph\":[{\"@type\":\"WebPage\",\"@id\":\"https:\/\/www.ettwein.de\/gartenlounge\/impressum\/\",\"url\":\"https:\/\/www.ettwein.de\/gartenlounge\/impressum\/\",\"name\":\"Impressum - Ettwein Gartenlounge\",\"isPartOf\":{\"@id\":\"https:\/\/www.ettwein.de\/gartenlounge\/#website\"},\"datePublished\":\"2024-10-28T12:15:06+00:00\",\"dateModified\":\"2024-12-09T14:46:10+00:00\",\"breadcrumb\":{\"@id\":\"https:\/\/www.ettwein.de\/gartenlounge\/impressum\/#breadcrumb\"},\"inLanguage\":\"de\",\"potentialAction\":[{\"@type\":\"ReadAction\",\"target\":[\"https:\/\/www.ettwein.de\/gartenlounge\/impressum\/\"]}]},{\"@type\":\"BreadcrumbList\",\"@id\":\"https:\/\/www.ettwein.de\/gartenlounge\/impressum\/#breadcrumb\",\"itemListElement\":[{\"@type\":\"ListItem\",\"position\":1,\"name\":\"Startseite\",\"item\":\"https:\/\/www.ettwein.de\/gartenlounge\/\"},{\"@type\":\"ListItem\",\"position\":2,\"name\":\"Impressum\"}]},{\"@type\":\"WebSite\",\"@id\":\"https:\/\/www.ettwein.de\/gartenlounge\/#website\",\"url\":\"https:\/\/www.ettwein.de\/gartenlounge\/\",\"name\":\"Ettwein Gartenlounge\",\"description\":\"\",\"publisher\":{\"@id\":\"https:\/\/www.ettwein.de\/gartenlounge\/#organization\"},\"potentialAction\":[{\"@type\":\"SearchAction\",\"target\":{\"@type\":\"EntryPoint\",\"urlTemplate\":\"https:\/\/www.ettwein.de\/gartenlounge\/?s={search_term_string}\"},\"query-input\":{\"@type\":\"PropertyValueSpecification\",\"valueRequired\":true,\"valueName\":\"search_term_string\"}}],\"inLanguage\":\"de\"},{\"@type\":\"Organization\",\"@id\":\"https:\/\/www.ettwein.de\/gartenlounge\/#organization\",\"name\":\"Ettwein GmbH\",\"url\":\"https:\/\/www.ettwein.de\/gartenlounge\/\",\"logo\":{\"@type\":\"ImageObject\",\"inLanguage\":\"de\",\"@id\":\"https:\/\/www.ettwein.de\/gartenlounge\/#\/schema\/logo\/image\/\",\"url\":\"https:\/\/www.ettwein.de\/gartenlounge\/wp-content\/uploads\/2024\/10\/image-1.svg\",\"contentUrl\":\"https:\/\/www.ettwein.de\/gartenlounge\/wp-content\/uploads\/2024\/10\/image-1.svg\",\"width\":1,\"height\":1,\"caption\":\"Ettwein GmbH\"},\"image\":{\"@id\":\"https:\/\/www.ettwein.de\/gartenlounge\/#\/schema\/logo\/image\/\"},\"sameAs\":[\"https:\/\/www.facebook.com\/EttweinHolzbau\/?locale=de_DE\",\"https:\/\/www.instagram.com\/ettweinholzbau\/\"]}]}<\/script>\n<!-- \/ Yoast SEO plugin. -->","yoast_head_json":{"title":"Impressum - Ettwein Gartenlounge","robots":{"index":"index","follow":"follow","max-snippet":"max-snippet:-1","max-image-preview":"max-image-preview:large","max-video-preview":"max-video-preview:-1"},"canonical":"https:\/\/www.ettwein.de\/gartenlounge\/impressum\/","og_locale":"de_DE","og_type":"article","og_title":"Impressum - Ettwein Gartenlounge","og_url":"https:\/\/www.ettwein.de\/gartenlounge\/impressum\/","og_site_name":"Ettwein Gartenlounge","article_publisher":"https:\/\/www.facebook.com\/EttweinHolzbau\/?locale=de_DE","article_modified_time":"2024-12-09T14:46:10+00:00","twitter_card":"summary_large_image","schema":{"@context":"https:\/\/schema.org","@graph":[{"@type":"WebPage","@id":"https:\/\/www.ettwein.de\/gartenlounge\/impressum\/","url":"https:\/\/www.ettwein.de\/gartenlounge\/impressum\/","name":"Impressum - Ettwein Gartenlounge","isPartOf":{"@id":"https:\/\/www.ettwein.de\/gartenlounge\/#website"},"datePublished":"2024-10-28T12:15:06+00:00","dateModified":"2024-12-09T14:46:10+00:00","breadcrumb":{"@id":"https:\/\/www.ettwein.de\/gartenlounge\/impressum\/#breadcrumb"},"inLanguage":"de","potentialAction":[{"@type":"ReadAction","target":["https:\/\/www.ettwein.de\/gartenlounge\/impressum\/"]}]},{"@type":"BreadcrumbList","@id":"https:\/\/www.ettwein.de\/gartenlounge\/impressum\/#breadcrumb","itemListElement":[{"@type":"ListItem","position":1,"name":"Startseite","item":"https:\/\/www.ettwein.de\/gartenlounge\/"},{"@type":"ListItem","position":2,"name":"Impressum"}]},{"@type":"WebSite","@id":"https:\/\/www.ettwein.de\/gartenlounge\/#website","url":"https:\/\/www.ettwein.de\/gartenlounge\/","name":"Ettwein Gartenlounge","description":"","publisher":{"@id":"https:\/\/www.ettwein.de\/gartenlounge\/#organization"},"potentialAction":[{"@type":"SearchAction","target":{"@type":"EntryPoint","urlTemplate":"https:\/\/www.ettwein.de\/gartenlounge\/?s={search_term_string}"},"query-input":{"@type":"PropertyValueSpecification","valueRequired":true,"valueName":"search_term_string"}}],"inLanguage":"de"},{"@type":"Organization","@id":"https:\/\/www.ettwein.de\/gartenlounge\/#organization","name":"Ettwein GmbH","url":"https:\/\/www.ettwein.de\/gartenlounge\/","logo":{"@type":"ImageObject","inLanguage":"de","@id":"https:\/\/www.ettwein.de\/gartenlounge\/#\/schema\/logo\/image\/","url":"https:\/\/www.ettwein.de\/gartenlounge\/wp-content\/uploads\/2024\/10\/image-1.svg","contentUrl":"https:\/\/www.ettwein.de\/gartenlounge\/wp-content\/uploads\/2024\/10\/image-1.svg","width":1,"height":1,"caption":"Ettwein GmbH"},"image":{"@id":"https:\/\/www.ettwein.de\/gartenlounge\/#\/schema\/logo\/image\/"},"sameAs":["https:\/\/www.facebook.com\/EttweinHolzbau\/?locale=de_DE","https:\/\/www.instagram.com\/ettweinholzbau\/"]}]}},"_links":{"self":[{"href":"https:\/\/www.ettwein.de\/gartenlounge\/wp-json\/wp\/v2\/pages\/41"}],"collection":[{"href":"https:\/\/www.ettwein.de\/gartenlounge\/wp-json\/wp\/v2\/pages"}],"about":[{"href":"https:\/\/www.ettwein.de\/gartenlounge\/wp-json\/wp\/v2\/types\/page"}],"author":[{"embeddable":true,"href":"https:\/\/www.ettwein.de\/gartenlounge\/wp-json\/wp\/v2\/users\/1"}],"replies":[{"embeddable":true,"href":"https:\/\/www.ettwein.de\/gartenlounge\/wp-json\/wp\/v2\/comments?post=41"}],"version-history":[{"count":11,"href":"https:\/\/www.ettwein.de\/gartenlounge\/wp-json\/wp\/v2\/pages\/41\/revisions"}],"predecessor-version":[{"id":1224,"href":"https:\/\/www.ettwein.de\/gartenlounge\/wp-json\/wp\/v2\/pages\/41\/revisions\/1224"}],"wp:attachment":[{"href":"https:\/\/www.ettwein.de\/gartenlounge\/wp-json\/wp\/v2\/media?parent=41"}],"curies":[{"name":"wp","href":"https:\/\/api.w.org\/{rel}","templated":true}]}}