{"id":32,"date":"2024-10-25T14:57:46","date_gmt":"2024-10-25T12:57:46","guid":{"rendered":"https:\/\/ettweingartenlounge.gildner.dev\/?page_id=32"},"modified":"2026-03-25T16:14:46","modified_gmt":"2026-03-25T15:14:46","slug":"das-ist-ettwein","status":"publish","type":"page","link":"https:\/\/www.ettwein.de\/gartenlounge\/das-ist-ettwein\/","title":{"rendered":"Das ist Ettwein"},"content":{"rendered":"\n<div class=\"wp-block-cover is-light background-shadow-left-right d-none d-xl-flex\" style=\"min-height:59rem;aspect-ratio:unset;\"><span aria-hidden=\"true\" class=\"wp-block-cover__background has-background-dim-0 has-background-dim\" style=\"background-color:#a26737\"><\/span><img loading=\"lazy\" decoding=\"async\" width=\"1440\" height=\"590\" class=\"wp-block-cover__image-background wp-image-1190\" alt=\"Handwerkskunst ist unsere Familientradition\" src=\"https:\/\/www.ettwein.de\/gartenlounge\/wp-content\/uploads\/2024\/11\/Headerbilder_1440x590px_Das_ist_Ettwein2-1.jpg\" data-object-fit=\"cover\" srcset=\"https:\/\/www.ettwein.de\/gartenlounge\/wp-content\/uploads\/2024\/11\/Headerbilder_1440x590px_Das_ist_Ettwein2-1.jpg 1440w, https:\/\/www.ettwein.de\/gartenlounge\/wp-content\/uploads\/2024\/11\/Headerbilder_1440x590px_Das_ist_Ettwein2-1-300x123.jpg 300w, https:\/\/www.ettwein.de\/gartenlounge\/wp-content\/uploads\/2024\/11\/Headerbilder_1440x590px_Das_ist_Ettwein2-1-1024x420.jpg 1024w, https:\/\/www.ettwein.de\/gartenlounge\/wp-content\/uploads\/2024\/11\/Headerbilder_1440x590px_Das_ist_Ettwein2-1-768x315.jpg 768w\" sizes=\"(max-width: 1440px) 100vw, 1440px\" \/><div class=\"wp-block-cover__inner-container is-layout-constrained wp-block-cover-is-layout-constrained\"><div class=\"wp-bootstrap-blocks-container container mb-2\">\n\t\n<div class=\"wp-bootstrap-blocks-row row\">\n\t\n\n<div class=\"col-12 col-md-6 col-xl-5\">\n\t\t\t\n\n<p class=\"deco1 has-white-color has-text-color has-link-color wp-elements-33c264f51a9e7b4eac6fda9f08083add\">Handwerkskunst ist unsere Familientradition<\/p>\n\n\t<\/div>\n\n<\/div>\n\n<\/div>\n<\/div><\/div>\n\n\n\n<div class=\"wp-block-group d-xl-none is-layout-constrained wp-block-group-is-layout-constrained\">\n<figure class=\"wp-block-image size-large mb-0 w-100\"><img loading=\"lazy\" decoding=\"async\" width=\"1024\" height=\"420\" src=\"https:\/\/www.ettwein.de\/gartenlounge\/wp-content\/uploads\/2024\/11\/Headerbilder_1440x590px_Das_ist_Ettwein2-1-1024x420.jpg\" alt=\"Handwerkskunst ist unsere Familientradition\" class=\"wp-image-1190\" srcset=\"https:\/\/www.ettwein.de\/gartenlounge\/wp-content\/uploads\/2024\/11\/Headerbilder_1440x590px_Das_ist_Ettwein2-1-1024x420.jpg 1024w, https:\/\/www.ettwein.de\/gartenlounge\/wp-content\/uploads\/2024\/11\/Headerbilder_1440x590px_Das_ist_Ettwein2-1-300x123.jpg 300w, https:\/\/www.ettwein.de\/gartenlounge\/wp-content\/uploads\/2024\/11\/Headerbilder_1440x590px_Das_ist_Ettwein2-1-768x315.jpg 768w, https:\/\/www.ettwein.de\/gartenlounge\/wp-content\/uploads\/2024\/11\/Headerbilder_1440x590px_Das_ist_Ettwein2-1.jpg 1440w\" sizes=\"(max-width: 1024px) 100vw, 1024px\" \/><\/figure>\n\n\n\n<div class=\"wp-block-group has-primary-background-color has-background is-layout-constrained wp-block-group-is-layout-constrained\"><div class=\"wp-bootstrap-blocks-container container mb-2\">\n\t\n\n<p class=\"deco2 py-2 has-white-color has-text-color has-link-color wp-elements-5b25b1fbaac20f7ece30b755a6e9f634\">Das ist Ettwein<\/p>\n\n<\/div>\n<\/div>\n<\/div>\n\n\n\n<div style=\"height:50px\" aria-hidden=\"true\" class=\"wp-block-spacer\"><\/div>\n\n\n<div class=\"wp-bootstrap-blocks-container container mb-2 breadcrumbs-container\">\n\t\n<span><span><a href=\"https:\/\/www.ettwein.de\/gartenlounge\/\">Startseite<\/a><\/span><\/span>\n\n<\/div>\n\n\n\n<div style=\"height:70px\" aria-hidden=\"true\" class=\"wp-block-spacer\"><\/div>\n\n\n\n<div class=\"wp-block-group is-layout-constrained wp-block-group-is-layout-constrained\"><div class=\"wp-bootstrap-blocks-container container mb-2\">\n\t\n<div class=\"wp-bootstrap-blocks-row row\">\n\t\n\n<div class=\"col-12 col-xl-6 mb-3 mb-xl-0\">\n\t\t\t\n\n<h1 class=\"wp-block-heading\">Qualit\u00e4t aus Holz seit 100 Jahren.<\/h1>\n\n\t<\/div>\n\n\n\n<div class=\"col-12 col-xl-6\">\n\t\t\t\n\n<p>Wir sind kein gew\u00f6hnliches Holzbauunternehmen. Der Name Ettwein steht f\u00fcr Hingabe, Qualit\u00e4t und Tradition. Und das bereits seit \u00fcber einem Jahrhundert. <\/p>\n\n\n\n<div style=\"height:30px\" aria-hidden=\"true\" class=\"wp-block-spacer\"><\/div>\n\n\t<\/div>\n\n<\/div>\n\n<\/div>\n<\/div>\n\n\n\n<div style=\"height:160px\" aria-hidden=\"true\" class=\"wp-block-spacer\"><\/div>\n\n\n\n<div class=\"wp-block-group is-layout-constrained wp-block-group-is-layout-constrained\"><div class=\"wp-bootstrap-blocks-container container mb-2\">\n\t\n<div class=\"wp-bootstrap-blocks-row row flex-column-reverse flex-lg-row\">\n\t\n\n<div class=\"col-12 col-lg-6 col-xl-5\">\n\t\t\t\n\n<p class=\"label\">Gr\u00fcndung<\/p>\n\n\n\n<div style=\"height:30px\" aria-hidden=\"true\" class=\"wp-block-spacer\"><\/div>\n\n\n\n<p class=\"h2\">Der Anfang einer Erfolgsgeschichte<\/p>\n\n\n\n<div style=\"height:30px\" aria-hidden=\"true\" class=\"wp-block-spacer\"><\/div>\n\n\n\n<p class=\"pe-4\">Gegr\u00fcndet wurde Ettwein 1913 als Zimmerei Betrieb von Albert Ettwein. Nach dem Zweiten Weltkrieg steigt der Sohn Rudolf Ettwein in den Betrieb ein und leitet die Geschicke ab 1960. Rudolf Ettweins S\u00f6hne Werner und Peter setzen die Tradition als Holzbau Ettwein GmbH erfolgreich fort.<\/p>\n\n\t<\/div>\n\n\n\n<div class=\"col-12 col-lg-6 col-xl-7 mb-3 mb-lg-0\">\n\t\t\t\n\n<figure class=\"wp-block-image size-full\"><img loading=\"lazy\" decoding=\"async\" width=\"700\" height=\"700\" src=\"https:\/\/www.ettwein.de\/gartenlounge\/wp-content\/uploads\/2024\/11\/Text-Bild-Kombi_700x700px_Anfang-1.jpg\" alt=\"Alter Hobel und Vintage-Tischlerwerkzeuge in einer traditionellen Tischlerei\" class=\"wp-image-1192\" srcset=\"https:\/\/www.ettwein.de\/gartenlounge\/wp-content\/uploads\/2024\/11\/Text-Bild-Kombi_700x700px_Anfang-1.jpg 700w, https:\/\/www.ettwein.de\/gartenlounge\/wp-content\/uploads\/2024\/11\/Text-Bild-Kombi_700x700px_Anfang-1-300x300.jpg 300w, https:\/\/www.ettwein.de\/gartenlounge\/wp-content\/uploads\/2024\/11\/Text-Bild-Kombi_700x700px_Anfang-1-150x150.jpg 150w\" sizes=\"(max-width: 700px) 100vw, 700px\" \/><\/figure>\n\n\t<\/div>\n\n<\/div>\n\n<\/div>\n<\/div>\n\n\n\n<div style=\"height:160px\" aria-hidden=\"true\" class=\"wp-block-spacer\"><\/div>\n\n\n\n<div class=\"wp-block-group is-layout-constrained wp-block-group-is-layout-constrained\"><div class=\"wp-bootstrap-blocks-container container mb-2\">\n\t\n<div class=\"wp-bootstrap-blocks-row row flex-column-reverse flex-lg-row\">\n\t\n\n<div class=\"col-12 col-lg-6 col-xl-5\">\n\t\t\t\n\n<p class=\"label\">Gelebte Tradition<\/p>\n\n\n\n<div style=\"height:30px\" aria-hidden=\"true\" class=\"wp-block-spacer\"><\/div>\n\n\n\n<p class=\"h2\">Familienunternehmen in der 4. Generation<\/p>\n\n\n\n<div style=\"height:30px\" aria-hidden=\"true\" class=\"wp-block-spacer\"><\/div>\n\n\n\n<p class=\"pe-4\">Auch die nachfolgenden Generationen f\u00fchren das Unternehmen erfolgreich weiter. 1986 \u00fcbernimmt Werner Ettwein in 3. Generation das Unternehmen. 1999 folgt der Umzug zum heutigen Standort. Seit 2009 ist Steffen Ettwein im Familienunternehmen t\u00e4tig und f\u00fchrt es bis heute. P\u00fcnktlich zum 100. j\u00e4hrigen Jubil\u00e4um erblickt der Sohn der 5. Ettwein-Generation das Licht der Welt.<br><\/p>\n\n\t<\/div>\n\n\n\n<div class=\"col-12 col-lg-6 col-xl-7 mb-3 mb-lg-0\">\n\t\t\t\n\n<figure class=\"wp-block-image size-full\"><img loading=\"lazy\" decoding=\"async\" width=\"700\" height=\"700\" src=\"https:\/\/www.ettwein.de\/gartenlounge\/wp-content\/uploads\/2024\/11\/Text-Bild-Kombi_700x700px_Familienunternehmen.jpg\" alt=\"Steffen Ettwein, der das Familienunternehmen in vierter Generation f\u00fchrt\" class=\"wp-image-1060\" srcset=\"https:\/\/www.ettwein.de\/gartenlounge\/wp-content\/uploads\/2024\/11\/Text-Bild-Kombi_700x700px_Familienunternehmen.jpg 700w, https:\/\/www.ettwein.de\/gartenlounge\/wp-content\/uploads\/2024\/11\/Text-Bild-Kombi_700x700px_Familienunternehmen-300x300.jpg 300w, https:\/\/www.ettwein.de\/gartenlounge\/wp-content\/uploads\/2024\/11\/Text-Bild-Kombi_700x700px_Familienunternehmen-150x150.jpg 150w\" sizes=\"(max-width: 700px) 100vw, 700px\" \/><\/figure>\n\n\t<\/div>\n\n<\/div>\n\n<\/div>\n<\/div>\n\n\n\n<div style=\"height:160px\" aria-hidden=\"true\" class=\"wp-block-spacer\"><\/div>\n\n\n\n<figure class=\"wp-block-image size-full w-100\"><img loading=\"lazy\" decoding=\"async\" width=\"1440\" height=\"590\" src=\"https:\/\/www.ettwein.de\/gartenlounge\/wp-content\/uploads\/2025\/02\/Headerbilder_1440x590px_Das_ist_Ettwein-Team.jpg\" alt=\"Gruppenbild der Familie Ettwein und aller Mitarbeiter, inkl. Kinder der f\u00fcnften Generation\" class=\"wp-image-1256\" srcset=\"https:\/\/www.ettwein.de\/gartenlounge\/wp-content\/uploads\/2025\/02\/Headerbilder_1440x590px_Das_ist_Ettwein-Team.jpg 1440w, https:\/\/www.ettwein.de\/gartenlounge\/wp-content\/uploads\/2025\/02\/Headerbilder_1440x590px_Das_ist_Ettwein-Team-300x123.jpg 300w, https:\/\/www.ettwein.de\/gartenlounge\/wp-content\/uploads\/2025\/02\/Headerbilder_1440x590px_Das_ist_Ettwein-Team-1024x420.jpg 1024w, https:\/\/www.ettwein.de\/gartenlounge\/wp-content\/uploads\/2025\/02\/Headerbilder_1440x590px_Das_ist_Ettwein-Team-768x315.jpg 768w\" sizes=\"(max-width: 1440px) 100vw, 1440px\" \/><\/figure>\n\n\n\n<div style=\"height:160px\" aria-hidden=\"true\" class=\"wp-block-spacer\"><\/div>\n\n\n\n<div class=\"wp-block-group position-relative overflow-hidden is-layout-constrained wp-block-group-is-layout-constrained\"><div class=\"wp-bootstrap-blocks-row row flex-column-reverse flex-lg-row\">\n\t\n\n<div class=\"col-12 col-lg-6 p-0\">\n\t\t\t\n\n<div class=\"wp-block-group h-100 py-8 px-2 py-lg-0 px-lg-0 has-primary-background-color has-background is-layout-constrained wp-block-group-is-layout-constrained\"><div class=\"wp-bootstrap-blocks-container container mb-2 d-lg-none\">\n\t\n\n<p class=\"label\">INDIVIDUELLE ANFRAGE<\/p>\n\n\n\n<div style=\"height:60px\" aria-hidden=\"true\" class=\"wp-block-spacer\"><\/div>\n\n\n\n<p class=\"h2 has-white-color has-text-color has-link-color wp-elements-9f0c4dc723fe3cfc6bb778d7cd4e4fe3\">Wir lassen Ihre Vision<br>zur Realit\u00e4t werden.<\/p>\n\n\n\n<div style=\"height:60px\" aria-hidden=\"true\" class=\"wp-block-spacer\"><\/div>\n\n\n\n<div class=\"wp-block-group d-flex align-items-lg-center gap-4 flex-column flex-lg-row is-layout-constrained wp-block-group-is-layout-constrained\"><div class=\"wp-bootstrap-blocks-button\">\n\t<a\n\t\thref=\"mailto:info@ettwein.de\"\n\t\t\t\t\t\tclass=\"btn btn-secondary-white btn-white\"\n\t>\n\t\tE-Mail schreiben\t<\/a>\n<\/div>\n\n\n\n<p class=\"contact-underline-text\"><a href=\"tel:+49772198750\">+49 7721 9875-0<\/a><\/p>\n<\/div>\n\n<\/div>\n<\/div>\n\n\t<\/div>\n\n\n\n<div class=\"col-12 col-lg-6 px-1 p-lg-0\">\n\t\t\t\n\n<figure class=\"wp-block-image size-full m-0 w-100\"><img loading=\"lazy\" decoding=\"async\" width=\"800\" height=\"800\" src=\"https:\/\/www.ettwein.de\/gartenlounge\/wp-content\/uploads\/2024\/11\/Individuelle_Anfrage_800x800px_HFE_3811_ret.jpg\" alt=\"Wir lassen Ihre Vision\nzur Realit\u00e4t werden.\" class=\"wp-image-941\" srcset=\"https:\/\/www.ettwein.de\/gartenlounge\/wp-content\/uploads\/2024\/11\/Individuelle_Anfrage_800x800px_HFE_3811_ret.jpg 800w, https:\/\/www.ettwein.de\/gartenlounge\/wp-content\/uploads\/2024\/11\/Individuelle_Anfrage_800x800px_HFE_3811_ret-300x300.jpg 300w, https:\/\/www.ettwein.de\/gartenlounge\/wp-content\/uploads\/2024\/11\/Individuelle_Anfrage_800x800px_HFE_3811_ret-150x150.jpg 150w, https:\/\/www.ettwein.de\/gartenlounge\/wp-content\/uploads\/2024\/11\/Individuelle_Anfrage_800x800px_HFE_3811_ret-768x768.jpg 768w\" sizes=\"(max-width: 800px) 100vw, 800px\" \/><\/figure>\n\n\t<\/div>\n\n<\/div>\n\n\n<div class=\"wp-bootstrap-blocks-container container mb-2 hero-banner-container d-none d-lg-block\">\n\t\n\n<p class=\"label\">INDIVIDUELLE ANFRAGE<\/p>\n\n\n\n<div style=\"height:60px\" aria-hidden=\"true\" class=\"wp-block-spacer\"><\/div>\n\n\n\n<p class=\"h2 has-white-color has-text-color has-link-color wp-elements-9f0c4dc723fe3cfc6bb778d7cd4e4fe3\">Wir lassen Ihre Vision<br>zur Realit\u00e4t werden.<\/p>\n\n\n\n<div style=\"height:60px\" aria-hidden=\"true\" class=\"wp-block-spacer\"><\/div>\n\n\n\n<div class=\"wp-block-group d-flex align-items-center gap-4 is-layout-constrained wp-block-group-is-layout-constrained\"><div class=\"wp-bootstrap-blocks-button\">\n\t<a\n\t\thref=\"mailto:info@ettwein.de\"\n\t\t\t\t\t\tclass=\"btn btn-secondary-white btn-white\"\n\t>\n\t\tE-Mail schreiben\t<\/a>\n<\/div>\n\n\n\n<p class=\"contact-underline-text\"><a href=\"tel:+49772198750\">+49 7721 9875-0<\/a><\/p>\n<\/div>\n\n<\/div>\n<\/div>\n\n\n\n<div style=\"height:160px\" aria-hidden=\"true\" class=\"wp-block-spacer\"><\/div>\n\n\n\n<div class=\"wp-block-group has-popeii-background-color has-background is-layout-constrained wp-block-group-is-layout-constrained\"><div class=\"wp-bootstrap-blocks-container container mb-2\">\n\t\n\n<div style=\"height:100px\" aria-hidden=\"true\" class=\"wp-block-spacer\"><\/div>\n\n\n\n<p class=\"label has-white-color has-text-color has-link-color wp-elements-5549fe1ab3885de8de72d0b7104cdef4\">Ganzheitliche L\u00f6sungen f\u00fcr Bau, Ausbau und moderne Raumkonzepte<\/p>\n\n\n\n<div style=\"height:30px\" aria-hidden=\"true\" class=\"wp-block-spacer\"><\/div>\n\n\n\n<p class=\"h2 has-white-color has-text-color has-link-color wp-elements-33f0668496f5e335cc508a0677d13b91\">Ettwein: Ihr Komplettpartner f\u00fcr Holzbau, Dach, Schreinerei &amp; moderne Rauml\u00f6sungen<\/p>\n\n\n\n<div style=\"height:30px\" aria-hidden=\"true\" class=\"wp-block-spacer\"><\/div>\n\n\n\n<p class=\"has-white-color has-text-color has-link-color wp-elements-90e2e40bf712d90ffdc41258161c61db\">Ettwein bietet weit mehr als hochwertige Gartenlounges. Auf unserer Hauptseite finden Sie das gesamte Leistungsspektrum \u2013 von Holzbau, Zimmerei und energetischer Aufwertung \u00fcber Dachdeckerei, Flachdach\u2011 und Ziegeldachsanierung bis hin zu ma\u00dfgefertigten Schreinerarbeiten wie M\u00f6bel nach Ma\u00df, Traumk\u00fcchen, Innenausbau und Restaurierung. Erg\u00e4nzt wird unser Portfolio durch L\u00f6sungen f\u00fcr Kommunen, Gewerbe, Genossenschaften und Privatkunden sowie durch exklusive Mobile Rooms. Entdecken Sie Projekte, Ratgeber und Services, die Ihr Bau\u2011 oder Modernisierungsvorhaben optimal unterst\u00fctzen.<\/p>\n\n\n\n<div style=\"height:30px\" aria-hidden=\"true\" class=\"wp-block-spacer\"><\/div>\n\n\n\n<div class=\"wp-block-group d-flex align-items-center gap-4 is-layout-constrained wp-block-group-is-layout-constrained\"><div class=\"wp-bootstrap-blocks-button\">\n\t<a\n\t\thref=\"https:\/\/www.ettwein.de\/\"\n\t\t\t\t\ttarget=\"_blank\"\n\t\t\t\t\t\t\trel=\"noreferrer noopener\"\n\t\t\t\tclass=\"btn btn-secondary-white btn-white\"\n\t>\n\t\tAlle Leistungen von Ettwein entdecken\t<\/a>\n<\/div>\n<\/div>\n\n\n\n<div style=\"height:100px\" aria-hidden=\"true\" class=\"wp-block-spacer\"><\/div>\n\n<\/div>\n<\/div>\n","protected":false},"excerpt":{"rendered":"","protected":false},"author":1,"featured_media":0,"parent":0,"menu_order":6,"comment_status":"closed","ping_status":"closed","template":"","meta":{"_acf_changed":false,"pgc_sgb_lightbox_settings":"","footnotes":""},"class_list":["post-32","page","type-page","status-publish","hentry"],"acf":[],"yoast_head":"<!-- This site is optimized with the Yoast SEO plugin v24.0 - https:\/\/yoast.com\/wordpress\/plugins\/seo\/ -->\n<title>Holzhandwerk aus dem Schwarzwald seit \u00fcber 100 Jahren<\/title>\n<meta name=\"description\" content=\"Die Werner Ettwein GmbH ist ein Traditionsunternehmen aus Villingen-Schwenningen, das mittlerweile in der 4. Generation gef\u00fchrt wird.\" \/>\n<meta name=\"robots\" content=\"index, follow, max-snippet:-1, max-image-preview:large, max-video-preview:-1\" \/>\n<link rel=\"canonical\" href=\"https:\/\/www.ettwein.de\/gartenlounge\/das-ist-ettwein\/\" \/>\n<meta property=\"og:locale\" content=\"de_DE\" \/>\n<meta property=\"og:type\" content=\"article\" \/>\n<meta property=\"og:title\" content=\"Holzhandwerk aus dem Schwarzwald seit \u00fcber 100 Jahren\" \/>\n<meta property=\"og:description\" content=\"Die Werner Ettwein GmbH ist ein Traditionsunternehmen aus Villingen-Schwenningen, das mittlerweile in der 4. Generation gef\u00fchrt wird.\" \/>\n<meta property=\"og:url\" content=\"https:\/\/www.ettwein.de\/gartenlounge\/das-ist-ettwein\/\" \/>\n<meta property=\"og:site_name\" content=\"Ettwein Gartenlounge\" \/>\n<meta property=\"article:publisher\" content=\"https:\/\/www.facebook.com\/EttweinHolzbau\/?locale=de_DE\" \/>\n<meta property=\"article:modified_time\" content=\"2026-03-25T15:14:46+00:00\" \/>\n<meta property=\"og:image\" content=\"https:\/\/www.ettwein.de\/gartenlounge\/wp-content\/uploads\/2024\/11\/Headerbilder_1440x590px_Das_ist_Ettwein2-1.jpg\" \/>\n\t<meta property=\"og:image:width\" content=\"1440\" \/>\n\t<meta property=\"og:image:height\" content=\"590\" \/>\n\t<meta property=\"og:image:type\" content=\"image\/jpeg\" \/>\n<meta name=\"twitter:card\" content=\"summary_large_image\" \/>\n<script type=\"application\/ld+json\" class=\"yoast-schema-graph\">{\"@context\":\"https:\/\/schema.org\",\"@graph\":[{\"@type\":\"WebPage\",\"@id\":\"https:\/\/www.ettwein.de\/gartenlounge\/das-ist-ettwein\/\",\"url\":\"https:\/\/www.ettwein.de\/gartenlounge\/das-ist-ettwein\/\",\"name\":\"Holzhandwerk aus dem Schwarzwald seit \u00fcber 100 Jahren\",\"isPartOf\":{\"@id\":\"https:\/\/www.ettwein.de\/gartenlounge\/#website\"},\"primaryImageOfPage\":{\"@id\":\"https:\/\/www.ettwein.de\/gartenlounge\/das-ist-ettwein\/#primaryimage\"},\"image\":{\"@id\":\"https:\/\/www.ettwein.de\/gartenlounge\/das-ist-ettwein\/#primaryimage\"},\"thumbnailUrl\":\"https:\/\/www.ettwein.de\/gartenlounge\/wp-content\/uploads\/2024\/11\/Headerbilder_1440x590px_Das_ist_Ettwein2-1.jpg\",\"datePublished\":\"2024-10-25T12:57:46+00:00\",\"dateModified\":\"2026-03-25T15:14:46+00:00\",\"description\":\"Die Werner Ettwein GmbH ist ein Traditionsunternehmen aus Villingen-Schwenningen, das mittlerweile in der 4. Generation gef\u00fchrt wird.\",\"breadcrumb\":{\"@id\":\"https:\/\/www.ettwein.de\/gartenlounge\/das-ist-ettwein\/#breadcrumb\"},\"inLanguage\":\"de\",\"potentialAction\":[{\"@type\":\"ReadAction\",\"target\":[\"https:\/\/www.ettwein.de\/gartenlounge\/das-ist-ettwein\/\"]}]},{\"@type\":\"ImageObject\",\"inLanguage\":\"de\",\"@id\":\"https:\/\/www.ettwein.de\/gartenlounge\/das-ist-ettwein\/#primaryimage\",\"url\":\"https:\/\/www.ettwein.de\/gartenlounge\/wp-content\/uploads\/2024\/11\/Headerbilder_1440x590px_Das_ist_Ettwein2-1.jpg\",\"contentUrl\":\"https:\/\/www.ettwein.de\/gartenlounge\/wp-content\/uploads\/2024\/11\/Headerbilder_1440x590px_Das_ist_Ettwein2-1.jpg\",\"width\":1440,\"height\":590,\"caption\":\"Handwerkskunst ist unsere Familientradition\"},{\"@type\":\"BreadcrumbList\",\"@id\":\"https:\/\/www.ettwein.de\/gartenlounge\/das-ist-ettwein\/#breadcrumb\",\"itemListElement\":[{\"@type\":\"ListItem\",\"position\":1,\"name\":\"Startseite\",\"item\":\"https:\/\/www.ettwein.de\/gartenlounge\/\"},{\"@type\":\"ListItem\",\"position\":2,\"name\":\"Das ist Ettwein\"}]},{\"@type\":\"WebSite\",\"@id\":\"https:\/\/www.ettwein.de\/gartenlounge\/#website\",\"url\":\"https:\/\/www.ettwein.de\/gartenlounge\/\",\"name\":\"Ettwein Gartenlounge\",\"description\":\"\",\"publisher\":{\"@id\":\"https:\/\/www.ettwein.de\/gartenlounge\/#organization\"},\"potentialAction\":[{\"@type\":\"SearchAction\",\"target\":{\"@type\":\"EntryPoint\",\"urlTemplate\":\"https:\/\/www.ettwein.de\/gartenlounge\/?s={search_term_string}\"},\"query-input\":{\"@type\":\"PropertyValueSpecification\",\"valueRequired\":true,\"valueName\":\"search_term_string\"}}],\"inLanguage\":\"de\"},{\"@type\":\"Organization\",\"@id\":\"https:\/\/www.ettwein.de\/gartenlounge\/#organization\",\"name\":\"Ettwein GmbH\",\"url\":\"https:\/\/www.ettwein.de\/gartenlounge\/\",\"logo\":{\"@type\":\"ImageObject\",\"inLanguage\":\"de\",\"@id\":\"https:\/\/www.ettwein.de\/gartenlounge\/#\/schema\/logo\/image\/\",\"url\":\"https:\/\/www.ettwein.de\/gartenlounge\/wp-content\/uploads\/2024\/10\/image-1.svg\",\"contentUrl\":\"https:\/\/www.ettwein.de\/gartenlounge\/wp-content\/uploads\/2024\/10\/image-1.svg\",\"width\":1,\"height\":1,\"caption\":\"Ettwein GmbH\"},\"image\":{\"@id\":\"https:\/\/www.ettwein.de\/gartenlounge\/#\/schema\/logo\/image\/\"},\"sameAs\":[\"https:\/\/www.facebook.com\/EttweinHolzbau\/?locale=de_DE\",\"https:\/\/www.instagram.com\/ettweinholzbau\/\"]}]}<\/script>\n<!-- \/ Yoast SEO plugin. -->","yoast_head_json":{"title":"Holzhandwerk aus dem Schwarzwald seit \u00fcber 100 Jahren","description":"Die Werner Ettwein GmbH ist ein Traditionsunternehmen aus Villingen-Schwenningen, das mittlerweile in der 4. Generation gef\u00fchrt wird.","robots":{"index":"index","follow":"follow","max-snippet":"max-snippet:-1","max-image-preview":"max-image-preview:large","max-video-preview":"max-video-preview:-1"},"canonical":"https:\/\/www.ettwein.de\/gartenlounge\/das-ist-ettwein\/","og_locale":"de_DE","og_type":"article","og_title":"Holzhandwerk aus dem Schwarzwald seit \u00fcber 100 Jahren","og_description":"Die Werner Ettwein GmbH ist ein Traditionsunternehmen aus Villingen-Schwenningen, das mittlerweile in der 4. Generation gef\u00fchrt wird.","og_url":"https:\/\/www.ettwein.de\/gartenlounge\/das-ist-ettwein\/","og_site_name":"Ettwein Gartenlounge","article_publisher":"https:\/\/www.facebook.com\/EttweinHolzbau\/?locale=de_DE","article_modified_time":"2026-03-25T15:14:46+00:00","og_image":[{"width":1440,"height":590,"url":"https:\/\/www.ettwein.de\/gartenlounge\/wp-content\/uploads\/2024\/11\/Headerbilder_1440x590px_Das_ist_Ettwein2-1.jpg","type":"image\/jpeg"}],"twitter_card":"summary_large_image","schema":{"@context":"https:\/\/schema.org","@graph":[{"@type":"WebPage","@id":"https:\/\/www.ettwein.de\/gartenlounge\/das-ist-ettwein\/","url":"https:\/\/www.ettwein.de\/gartenlounge\/das-ist-ettwein\/","name":"Holzhandwerk aus dem Schwarzwald seit \u00fcber 100 Jahren","isPartOf":{"@id":"https:\/\/www.ettwein.de\/gartenlounge\/#website"},"primaryImageOfPage":{"@id":"https:\/\/www.ettwein.de\/gartenlounge\/das-ist-ettwein\/#primaryimage"},"image":{"@id":"https:\/\/www.ettwein.de\/gartenlounge\/das-ist-ettwein\/#primaryimage"},"thumbnailUrl":"https:\/\/www.ettwein.de\/gartenlounge\/wp-content\/uploads\/2024\/11\/Headerbilder_1440x590px_Das_ist_Ettwein2-1.jpg","datePublished":"2024-10-25T12:57:46+00:00","dateModified":"2026-03-25T15:14:46+00:00","description":"Die Werner Ettwein GmbH ist ein Traditionsunternehmen aus Villingen-Schwenningen, das mittlerweile in der 4. Generation gef\u00fchrt wird.","breadcrumb":{"@id":"https:\/\/www.ettwein.de\/gartenlounge\/das-ist-ettwein\/#breadcrumb"},"inLanguage":"de","potentialAction":[{"@type":"ReadAction","target":["https:\/\/www.ettwein.de\/gartenlounge\/das-ist-ettwein\/"]}]},{"@type":"ImageObject","inLanguage":"de","@id":"https:\/\/www.ettwein.de\/gartenlounge\/das-ist-ettwein\/#primaryimage","url":"https:\/\/www.ettwein.de\/gartenlounge\/wp-content\/uploads\/2024\/11\/Headerbilder_1440x590px_Das_ist_Ettwein2-1.jpg","contentUrl":"https:\/\/www.ettwein.de\/gartenlounge\/wp-content\/uploads\/2024\/11\/Headerbilder_1440x590px_Das_ist_Ettwein2-1.jpg","width":1440,"height":590,"caption":"Handwerkskunst ist unsere Familientradition"},{"@type":"BreadcrumbList","@id":"https:\/\/www.ettwein.de\/gartenlounge\/das-ist-ettwein\/#breadcrumb","itemListElement":[{"@type":"ListItem","position":1,"name":"Startseite","item":"https:\/\/www.ettwein.de\/gartenlounge\/"},{"@type":"ListItem","position":2,"name":"Das ist Ettwein"}]},{"@type":"WebSite","@id":"https:\/\/www.ettwein.de\/gartenlounge\/#website","url":"https:\/\/www.ettwein.de\/gartenlounge\/","name":"Ettwein Gartenlounge","description":"","publisher":{"@id":"https:\/\/www.ettwein.de\/gartenlounge\/#organization"},"potentialAction":[{"@type":"SearchAction","target":{"@type":"EntryPoint","urlTemplate":"https:\/\/www.ettwein.de\/gartenlounge\/?s={search_term_string}"},"query-input":{"@type":"PropertyValueSpecification","valueRequired":true,"valueName":"search_term_string"}}],"inLanguage":"de"},{"@type":"Organization","@id":"https:\/\/www.ettwein.de\/gartenlounge\/#organization","name":"Ettwein GmbH","url":"https:\/\/www.ettwein.de\/gartenlounge\/","logo":{"@type":"ImageObject","inLanguage":"de","@id":"https:\/\/www.ettwein.de\/gartenlounge\/#\/schema\/logo\/image\/","url":"https:\/\/www.ettwein.de\/gartenlounge\/wp-content\/uploads\/2024\/10\/image-1.svg","contentUrl":"https:\/\/www.ettwein.de\/gartenlounge\/wp-content\/uploads\/2024\/10\/image-1.svg","width":1,"height":1,"caption":"Ettwein GmbH"},"image":{"@id":"https:\/\/www.ettwein.de\/gartenlounge\/#\/schema\/logo\/image\/"},"sameAs":["https:\/\/www.facebook.com\/EttweinHolzbau\/?locale=de_DE","https:\/\/www.instagram.com\/ettweinholzbau\/"]}]}},"_links":{"self":[{"href":"https:\/\/www.ettwein.de\/gartenlounge\/wp-json\/wp\/v2\/pages\/32"}],"collection":[{"href":"https:\/\/www.ettwein.de\/gartenlounge\/wp-json\/wp\/v2\/pages"}],"about":[{"href":"https:\/\/www.ettwein.de\/gartenlounge\/wp-json\/wp\/v2\/types\/page"}],"author":[{"embeddable":true,"href":"https:\/\/www.ettwein.de\/gartenlounge\/wp-json\/wp\/v2\/users\/1"}],"replies":[{"embeddable":true,"href":"https:\/\/www.ettwein.de\/gartenlounge\/wp-json\/wp\/v2\/comments?post=32"}],"version-history":[{"count":37,"href":"https:\/\/www.ettwein.de\/gartenlounge\/wp-json\/wp\/v2\/pages\/32\/revisions"}],"predecessor-version":[{"id":1269,"href":"https:\/\/www.ettwein.de\/gartenlounge\/wp-json\/wp\/v2\/pages\/32\/revisions\/1269"}],"wp:attachment":[{"href":"https:\/\/www.ettwein.de\/gartenlounge\/wp-json\/wp\/v2\/media?parent=32"}],"curies":[{"name":"wp","href":"https:\/\/api.w.org\/{rel}","templated":true}]}}