{"id":30,"date":"2024-10-25T14:57:34","date_gmt":"2024-10-25T12:57:34","guid":{"rendered":"https:\/\/ettweingartenlounge.gildner.dev\/?page_id=30"},"modified":"2026-03-25T16:14:19","modified_gmt":"2026-03-25T15:14:19","slug":"referenzen","status":"publish","type":"page","link":"https:\/\/www.ettwein.de\/gartenlounge\/referenzen\/","title":{"rendered":"Referenzen"},"content":{"rendered":"\n<div class=\"wp-block-cover is-light background-shadow-left-right d-none d-xl-flex\" style=\"min-height:59rem;aspect-ratio:unset;\"><span aria-hidden=\"true\" class=\"wp-block-cover__background has-background-dim-0 has-background-dim\" style=\"background-color:#a26737\"><\/span><img loading=\"lazy\" decoding=\"async\" width=\"1440\" height=\"590\" class=\"wp-block-cover__image-background wp-image-981\" alt=\"Tr\u00e4ume, die\nschon wahr\ngeworden sind.\" src=\"https:\/\/www.ettwein.de\/gartenlounge\/wp-content\/uploads\/2024\/11\/Headerbilder_1440x590px_Traeume.jpg\" data-object-fit=\"cover\" srcset=\"https:\/\/www.ettwein.de\/gartenlounge\/wp-content\/uploads\/2024\/11\/Headerbilder_1440x590px_Traeume.jpg 1440w, https:\/\/www.ettwein.de\/gartenlounge\/wp-content\/uploads\/2024\/11\/Headerbilder_1440x590px_Traeume-300x123.jpg 300w, https:\/\/www.ettwein.de\/gartenlounge\/wp-content\/uploads\/2024\/11\/Headerbilder_1440x590px_Traeume-1024x420.jpg 1024w, https:\/\/www.ettwein.de\/gartenlounge\/wp-content\/uploads\/2024\/11\/Headerbilder_1440x590px_Traeume-768x315.jpg 768w\" sizes=\"(max-width: 1440px) 100vw, 1440px\" \/><div class=\"wp-block-cover__inner-container is-layout-constrained wp-block-cover-is-layout-constrained\"><div class=\"wp-bootstrap-blocks-container container mb-2\">\n\t\n<div class=\"wp-bootstrap-blocks-row row\">\n\t\n\n<div class=\"col-12 col-md-6 col-xl-5\">\n\t\t\t\n\n<p class=\"deco1 has-white-color has-text-color has-link-color wp-elements-83ee216035377a67a86cc574f552ccff\">Tr\u00e4ume, die<br>schon wahr<br>geworden sind.<\/p>\n\n\t<\/div>\n\n<\/div>\n\n<\/div>\n<\/div><\/div>\n\n\n\n<div class=\"wp-block-group d-xl-none is-layout-constrained wp-block-group-is-layout-constrained\">\n<figure class=\"wp-block-image size-large mb-0 w-100\"><img loading=\"lazy\" decoding=\"async\" width=\"1024\" height=\"420\" src=\"https:\/\/www.ettwein.de\/gartenlounge\/wp-content\/uploads\/2024\/11\/Headerbilder_1440x590px_Traeume-1024x420.jpg\" alt=\"Tr\u00e4ume, die schon wahr geworden sind.\" class=\"wp-image-981\" srcset=\"https:\/\/www.ettwein.de\/gartenlounge\/wp-content\/uploads\/2024\/11\/Headerbilder_1440x590px_Traeume-1024x420.jpg 1024w, https:\/\/www.ettwein.de\/gartenlounge\/wp-content\/uploads\/2024\/11\/Headerbilder_1440x590px_Traeume-300x123.jpg 300w, https:\/\/www.ettwein.de\/gartenlounge\/wp-content\/uploads\/2024\/11\/Headerbilder_1440x590px_Traeume-768x315.jpg 768w, https:\/\/www.ettwein.de\/gartenlounge\/wp-content\/uploads\/2024\/11\/Headerbilder_1440x590px_Traeume.jpg 1440w\" sizes=\"(max-width: 1024px) 100vw, 1024px\" \/><\/figure>\n\n\n\n<div class=\"wp-block-group has-primary-background-color has-background is-layout-constrained wp-block-group-is-layout-constrained\"><div class=\"wp-bootstrap-blocks-container container mb-2\">\n\t\n\n<p class=\"deco2 py-2 has-white-color has-text-color has-link-color wp-elements-eb1001cdb67d9eeda6614daa2542e169\">Tr\u00e4ume, die schon wahr geworden sind.<\/p>\n\n<\/div>\n<\/div>\n<\/div>\n\n\n\n<div style=\"height:50px\" aria-hidden=\"true\" class=\"wp-block-spacer\"><\/div>\n\n\n<div class=\"wp-bootstrap-blocks-container container mb-2 breadcrumbs-container\">\n\t\n<span><span><a href=\"https:\/\/www.ettwein.de\/gartenlounge\/\">Startseite<\/a><\/span><\/span>\n\n<\/div>\n\n\n\n<div style=\"height:70px\" aria-hidden=\"true\" class=\"wp-block-spacer\"><\/div>\n\n\n\n<div class=\"wp-block-group is-layout-constrained wp-block-group-is-layout-constrained\"><div class=\"wp-bootstrap-blocks-container container mb-2\">\n\t\n<div class=\"wp-bootstrap-blocks-row row\">\n\t\n\n<div class=\"col-12 col-xl-6 mb-3 mb-xl-0\">\n\t\t\t\n\n<h1 class=\"wp-block-heading\">Das sind die Ettwein Luxus-Gartenh\u00e4user. Lassen Sie sich inspirieren.<\/h1>\n\n\t<\/div>\n\n\n\n<div class=\"col-12 col-xl-6\">\n\t\t\t\n\n<p>Hier sehen Sie, was mit unseren Luxus-Gartenh\u00e4usern m\u00f6glich ist. Jedes Exemplar spiegelt unsere Kunden und ihre W\u00fcnsche auf einzigartige Art und Weise wider.<\/p>\n\n\n\n<div style=\"height:30px\" aria-hidden=\"true\" class=\"wp-block-spacer\"><\/div>\n\n\t<\/div>\n\n<\/div>\n\n<\/div>\n<\/div>\n\n\n\n<div style=\"height:160px\" aria-hidden=\"true\" class=\"wp-block-spacer\"><\/div>\n\n\n\n<div class=\"wp-block-group is-layout-constrained wp-block-group-is-layout-constrained\"><div class=\"wp-bootstrap-blocks-container container mb-2 container-referenzen\">\n\t\n\n\n<div id=\"referenzen-posts\" class=\"row\">\n                        \n            \n\n            <div class=\"referenzen-item col-12 col-md-6 mb-3\">\n                <a href=\"https:\/\/www.ettwein.de\/gartenlounge\/referenzen\/garten-spa-landesgartenschau-villingen-schwenningen\/\" class=\"text-decoration-none\">\n                <div class=\"referenzen-slider-objekt-container\">\n                <img loading=\"lazy\" decoding=\"async\" width=\"600\" height=\"600\" src=\"https:\/\/www.ettwein.de\/gartenlounge\/wp-content\/uploads\/2024\/11\/Gartenlounge_LGS_Beitragsbild_600x600px_9.jpg\" class=\"mb-2 img-fluid w-100\" alt=\"Gartenlounge auf der Landesgartenschau 2010\" srcset=\"https:\/\/www.ettwein.de\/gartenlounge\/wp-content\/uploads\/2024\/11\/Gartenlounge_LGS_Beitragsbild_600x600px_9.jpg 600w, https:\/\/www.ettwein.de\/gartenlounge\/wp-content\/uploads\/2024\/11\/Gartenlounge_LGS_Beitragsbild_600x600px_9-300x300.jpg 300w, https:\/\/www.ettwein.de\/gartenlounge\/wp-content\/uploads\/2024\/11\/Gartenlounge_LGS_Beitragsbild_600x600px_9-150x150.jpg 150w\" sizes=\"(max-width: 600px) 100vw, 600px\" \/>                <p class=\"referenz-title\">Wellness-Gartenhaus auf der Landesgartenschau<\/p>\n                <\/div>\n                <\/a>\n            <\/div>\n                    \n            \n\n            <div class=\"referenzen-item col-12 col-md-6 mb-3\">\n                <a href=\"https:\/\/www.ettwein.de\/gartenlounge\/referenzen\/gartenhaus-haigerloch\/\" class=\"text-decoration-none\">\n                <div class=\"referenzen-slider-objekt-container\">\n                <img loading=\"lazy\" decoding=\"async\" width=\"600\" height=\"600\" src=\"https:\/\/www.ettwein.de\/gartenlounge\/wp-content\/uploads\/2024\/11\/Wellness_Gartenhaus_Haigerloch_Beitragsbild_600x600px_HFE3802.jpg\" class=\"mb-2 img-fluid w-100\" alt=\"Wellness Gartenhaus in Haigerloch\" srcset=\"https:\/\/www.ettwein.de\/gartenlounge\/wp-content\/uploads\/2024\/11\/Wellness_Gartenhaus_Haigerloch_Beitragsbild_600x600px_HFE3802.jpg 600w, https:\/\/www.ettwein.de\/gartenlounge\/wp-content\/uploads\/2024\/11\/Wellness_Gartenhaus_Haigerloch_Beitragsbild_600x600px_HFE3802-300x300.jpg 300w, https:\/\/www.ettwein.de\/gartenlounge\/wp-content\/uploads\/2024\/11\/Wellness_Gartenhaus_Haigerloch_Beitragsbild_600x600px_HFE3802-150x150.jpg 150w\" sizes=\"(max-width: 600px) 100vw, 600px\" \/>                <p class=\"referenz-title\">Wellness-Gartenhaus in Haigerloch<\/p>\n                <\/div>\n                <\/a>\n            <\/div>\n                    \n            \n\n            <div class=\"referenzen-item col-12 col-md-6 mb-3\">\n                <a href=\"https:\/\/www.ettwein.de\/gartenlounge\/referenzen\/luxus-gartenhaus-erlangen\/\" class=\"text-decoration-none\">\n                <div class=\"referenzen-slider-objekt-container\">\n                <img loading=\"lazy\" decoding=\"async\" width=\"600\" height=\"600\" src=\"https:\/\/www.ettwein.de\/gartenlounge\/wp-content\/uploads\/2024\/11\/Luxus_Gartenhaus_Erlangen_Beitragsbild_600x600px_DSC6265R-1.jpg\" class=\"mb-2 img-fluid w-100\" alt=\"Luxus Gartenhaus in Erlangen, Schrebergarten vom Feinsten\" srcset=\"https:\/\/www.ettwein.de\/gartenlounge\/wp-content\/uploads\/2024\/11\/Luxus_Gartenhaus_Erlangen_Beitragsbild_600x600px_DSC6265R-1.jpg 600w, https:\/\/www.ettwein.de\/gartenlounge\/wp-content\/uploads\/2024\/11\/Luxus_Gartenhaus_Erlangen_Beitragsbild_600x600px_DSC6265R-1-300x300.jpg 300w, https:\/\/www.ettwein.de\/gartenlounge\/wp-content\/uploads\/2024\/11\/Luxus_Gartenhaus_Erlangen_Beitragsbild_600x600px_DSC6265R-1-150x150.jpg 150w\" sizes=\"(max-width: 600px) 100vw, 600px\" \/>                <p class=\"referenz-title\">Luxus-Gartenhaus in Erlangen<\/p>\n                <\/div>\n                <\/a>\n            <\/div>\n                    \n            \n\n            <div class=\"referenzen-item col-12 col-md-6 mb-3\">\n                <a href=\"https:\/\/www.ettwein.de\/gartenlounge\/referenzen\/wellness-poolhaus-zuerich\/\" class=\"text-decoration-none\">\n                <div class=\"referenzen-slider-objekt-container\">\n                <img loading=\"lazy\" decoding=\"async\" width=\"600\" height=\"600\" src=\"https:\/\/www.ettwein.de\/gartenlounge\/wp-content\/uploads\/2024\/11\/Wellness_Poolhaus_Zuerich_Beitragsbild_600x600px_HFE9103.jpg\" class=\"mb-2 img-fluid w-100\" alt=\"Ein Traumgartenhaus in einem Traumgarten - Luxuri\u00f6ses Wellness Poolhaus bei Z\u00fcrich\" srcset=\"https:\/\/www.ettwein.de\/gartenlounge\/wp-content\/uploads\/2024\/11\/Wellness_Poolhaus_Zuerich_Beitragsbild_600x600px_HFE9103.jpg 600w, https:\/\/www.ettwein.de\/gartenlounge\/wp-content\/uploads\/2024\/11\/Wellness_Poolhaus_Zuerich_Beitragsbild_600x600px_HFE9103-300x300.jpg 300w, https:\/\/www.ettwein.de\/gartenlounge\/wp-content\/uploads\/2024\/11\/Wellness_Poolhaus_Zuerich_Beitragsbild_600x600px_HFE9103-150x150.jpg 150w\" sizes=\"(max-width: 600px) 100vw, 600px\" \/>                <p class=\"referenz-title\">Luxuri\u00f6ses Wellness-Poolhaus bei Z\u00fcrich<\/p>\n                <\/div>\n                <\/a>\n            <\/div>\n                    <\/div>\n\n<button class=\"btn-primary ms-auto me-auto me-md-0 down-arrow\" id=\"load-more\" data-page=\"1\">Mehr laden<\/button>\n\n\n\n<\/div>\n<\/div>\n\n\n\n<div style=\"height:160px\" aria-hidden=\"true\" class=\"wp-block-spacer\"><\/div>\n\n\n\n<div class=\"wp-block-group position-relative overflow-hidden is-layout-constrained wp-block-group-is-layout-constrained\"><div class=\"wp-bootstrap-blocks-row row flex-column-reverse flex-lg-row\">\n\t\n\n<div class=\"col-12 col-lg-6 p-0\">\n\t\t\t\n\n<div class=\"wp-block-group h-100 py-8 px-2 py-lg-0 px-lg-0 has-primary-background-color has-background is-layout-constrained wp-block-group-is-layout-constrained\"><div class=\"wp-bootstrap-blocks-container container mb-2 d-lg-none\">\n\t\n\n<p class=\"label\">INDIVIDUELLE ANFRAGE<\/p>\n\n\n\n<div style=\"height:60px\" aria-hidden=\"true\" class=\"wp-block-spacer\"><\/div>\n\n\n\n<p class=\"h2 has-white-color has-text-color has-link-color wp-elements-9f0c4dc723fe3cfc6bb778d7cd4e4fe3\">Wir lassen Ihre Vision<br>zur Realit\u00e4t werden.<\/p>\n\n\n\n<div style=\"height:60px\" aria-hidden=\"true\" class=\"wp-block-spacer\"><\/div>\n\n\n\n<div class=\"wp-block-group d-flex align-items-lg-center gap-4 flex-column flex-lg-row is-layout-constrained wp-block-group-is-layout-constrained\"><div class=\"wp-bootstrap-blocks-button\">\n\t<a\n\t\thref=\"mailto:info@ettwein.de\"\n\t\t\t\t\t\tclass=\"btn btn-secondary-white btn-white\"\n\t>\n\t\tE-Mail schreiben\t<\/a>\n<\/div>\n\n\n\n<p class=\"contact-underline-text\"><a href=\"tel:+49772198750\">+49 7721 9875-0<\/a><\/p>\n<\/div>\n\n<\/div>\n<\/div>\n\n\t<\/div>\n\n\n\n<div class=\"col-12 col-lg-6 px-1 p-lg-0\">\n\t\t\t\n\n<figure class=\"wp-block-image size-full m-0 w-100\"><img loading=\"lazy\" decoding=\"async\" width=\"800\" height=\"800\" src=\"https:\/\/www.ettwein.de\/gartenlounge\/wp-content\/uploads\/2024\/11\/Individuelle_Anfrage_800x800px_HFE_3811_ret.jpg\" alt=\"Wir lassen Ihre Vision\nzur Realit\u00e4t werden.\" class=\"wp-image-941\" srcset=\"https:\/\/www.ettwein.de\/gartenlounge\/wp-content\/uploads\/2024\/11\/Individuelle_Anfrage_800x800px_HFE_3811_ret.jpg 800w, https:\/\/www.ettwein.de\/gartenlounge\/wp-content\/uploads\/2024\/11\/Individuelle_Anfrage_800x800px_HFE_3811_ret-300x300.jpg 300w, https:\/\/www.ettwein.de\/gartenlounge\/wp-content\/uploads\/2024\/11\/Individuelle_Anfrage_800x800px_HFE_3811_ret-150x150.jpg 150w, https:\/\/www.ettwein.de\/gartenlounge\/wp-content\/uploads\/2024\/11\/Individuelle_Anfrage_800x800px_HFE_3811_ret-768x768.jpg 768w\" sizes=\"(max-width: 800px) 100vw, 800px\" \/><\/figure>\n\n\t<\/div>\n\n<\/div>\n\n\n<div class=\"wp-bootstrap-blocks-container container mb-2 hero-banner-container d-none d-lg-block\">\n\t\n\n<p class=\"label\">INDIVIDUELLE ANFRAGE<\/p>\n\n\n\n<div style=\"height:60px\" aria-hidden=\"true\" class=\"wp-block-spacer\"><\/div>\n\n\n\n<p class=\"h2 has-white-color has-text-color has-link-color wp-elements-9f0c4dc723fe3cfc6bb778d7cd4e4fe3\">Wir lassen Ihre Vision<br>zur Realit\u00e4t werden.<\/p>\n\n\n\n<div style=\"height:60px\" aria-hidden=\"true\" class=\"wp-block-spacer\"><\/div>\n\n\n\n<div class=\"wp-block-group d-flex align-items-center gap-4 is-layout-constrained wp-block-group-is-layout-constrained\"><div class=\"wp-bootstrap-blocks-button\">\n\t<a\n\t\thref=\"mailto:info@ettwein.de\"\n\t\t\t\t\t\tclass=\"btn btn-secondary-white btn-white\"\n\t>\n\t\tE-Mail schreiben\t<\/a>\n<\/div>\n\n\n\n<p class=\"contact-underline-text\"><a href=\"tel:+49772198750\">+49 7721 9875-0<\/a><\/p>\n<\/div>\n\n<\/div>\n<\/div>\n\n\n\n<div style=\"height:160px\" aria-hidden=\"true\" class=\"wp-block-spacer\"><\/div>\n\n\n\n<div class=\"wp-block-group has-popeii-background-color has-background is-layout-constrained wp-block-group-is-layout-constrained\"><div class=\"wp-bootstrap-blocks-container container mb-2\">\n\t\n\n<div style=\"height:100px\" aria-hidden=\"true\" class=\"wp-block-spacer\"><\/div>\n\n\n\n<p class=\"label has-white-color has-text-color has-link-color wp-elements-5549fe1ab3885de8de72d0b7104cdef4\">Ganzheitliche L\u00f6sungen f\u00fcr Bau, Ausbau und moderne Raumkonzepte<\/p>\n\n\n\n<div style=\"height:30px\" aria-hidden=\"true\" class=\"wp-block-spacer\"><\/div>\n\n\n\n<p class=\"h2 has-white-color has-text-color has-link-color wp-elements-33f0668496f5e335cc508a0677d13b91\">Ettwein: Ihr Komplettpartner f\u00fcr Holzbau, Dach, Schreinerei &amp; moderne Rauml\u00f6sungen<\/p>\n\n\n\n<div style=\"height:30px\" aria-hidden=\"true\" class=\"wp-block-spacer\"><\/div>\n\n\n\n<p class=\"has-white-color has-text-color has-link-color wp-elements-90e2e40bf712d90ffdc41258161c61db\">Ettwein bietet weit mehr als hochwertige Gartenlounges. Auf unserer Hauptseite finden Sie das gesamte Leistungsspektrum \u2013 von Holzbau, Zimmerei und energetischer Aufwertung \u00fcber Dachdeckerei, Flachdach\u2011 und Ziegeldachsanierung bis hin zu ma\u00dfgefertigten Schreinerarbeiten wie M\u00f6bel nach Ma\u00df, Traumk\u00fcchen, Innenausbau und Restaurierung. Erg\u00e4nzt wird unser Portfolio durch L\u00f6sungen f\u00fcr Kommunen, Gewerbe, Genossenschaften und Privatkunden sowie durch exklusive Mobile Rooms. Entdecken Sie Projekte, Ratgeber und Services, die Ihr Bau\u2011 oder Modernisierungsvorhaben optimal unterst\u00fctzen.<\/p>\n\n\n\n<div style=\"height:30px\" aria-hidden=\"true\" class=\"wp-block-spacer\"><\/div>\n\n\n\n<div class=\"wp-block-group d-flex align-items-center gap-4 is-layout-constrained wp-block-group-is-layout-constrained\"><div class=\"wp-bootstrap-blocks-button\">\n\t<a\n\t\thref=\"https:\/\/www.ettwein.de\/\"\n\t\t\t\t\ttarget=\"_blank\"\n\t\t\t\t\t\t\trel=\"noreferrer noopener\"\n\t\t\t\tclass=\"btn btn-secondary-white btn-white\"\n\t>\n\t\tAlle Leistungen von Ettwein entdecken\t<\/a>\n<\/div>\n<\/div>\n\n\n\n<div style=\"height:100px\" aria-hidden=\"true\" class=\"wp-block-spacer\"><\/div>\n\n<\/div>\n<\/div>\n","protected":false},"excerpt":{"rendered":"","protected":false},"author":1,"featured_media":0,"parent":0,"menu_order":5,"comment_status":"closed","ping_status":"closed","template":"","meta":{"_acf_changed":false,"pgc_sgb_lightbox_settings":"","footnotes":""},"class_list":["post-30","page","type-page","status-publish","hentry"],"acf":[],"yoast_head":"<!-- This site is optimized with the Yoast SEO plugin v24.0 - https:\/\/yoast.com\/wordpress\/plugins\/seo\/ -->\n<title>Ettwein Luxus-Gartenh\u00e4user. Entdecken Sie unsere Referenzen<\/title>\n<meta name=\"description\" content=\"Lassen Sie sich von unseren zahlreichen und extravaganten Referenzen zu Ihrem neuen Luxus-Gartenhaus inspirieren.\" \/>\n<meta name=\"robots\" content=\"index, follow, max-snippet:-1, max-image-preview:large, max-video-preview:-1\" \/>\n<link rel=\"canonical\" href=\"https:\/\/www.ettwein.de\/gartenlounge\/referenzen\/\" \/>\n<meta property=\"og:locale\" content=\"de_DE\" \/>\n<meta property=\"og:type\" content=\"article\" \/>\n<meta property=\"og:title\" content=\"Ettwein Luxus-Gartenh\u00e4user. Entdecken Sie unsere Referenzen\" \/>\n<meta property=\"og:description\" content=\"Lassen Sie sich von unseren zahlreichen und extravaganten Referenzen zu Ihrem neuen Luxus-Gartenhaus inspirieren.\" \/>\n<meta property=\"og:url\" content=\"https:\/\/www.ettwein.de\/gartenlounge\/referenzen\/\" \/>\n<meta property=\"og:site_name\" content=\"Ettwein Gartenlounge\" \/>\n<meta property=\"article:publisher\" content=\"https:\/\/www.facebook.com\/EttweinHolzbau\/?locale=de_DE\" \/>\n<meta property=\"article:modified_time\" content=\"2026-03-25T15:14:19+00:00\" \/>\n<meta property=\"og:image\" content=\"https:\/\/www.ettwein.de\/gartenlounge\/wp-content\/uploads\/2024\/11\/Headerbilder_1440x590px_Traeume.jpg\" \/>\n\t<meta property=\"og:image:width\" content=\"1440\" \/>\n\t<meta property=\"og:image:height\" content=\"590\" \/>\n\t<meta property=\"og:image:type\" content=\"image\/jpeg\" \/>\n<meta name=\"twitter:card\" content=\"summary_large_image\" \/>\n<script type=\"application\/ld+json\" class=\"yoast-schema-graph\">{\"@context\":\"https:\/\/schema.org\",\"@graph\":[{\"@type\":\"WebPage\",\"@id\":\"https:\/\/www.ettwein.de\/gartenlounge\/referenzen\/\",\"url\":\"https:\/\/www.ettwein.de\/gartenlounge\/referenzen\/\",\"name\":\"Ettwein Luxus-Gartenh\u00e4user. Entdecken Sie unsere Referenzen\",\"isPartOf\":{\"@id\":\"https:\/\/www.ettwein.de\/gartenlounge\/#website\"},\"primaryImageOfPage\":{\"@id\":\"https:\/\/www.ettwein.de\/gartenlounge\/referenzen\/#primaryimage\"},\"image\":{\"@id\":\"https:\/\/www.ettwein.de\/gartenlounge\/referenzen\/#primaryimage\"},\"thumbnailUrl\":\"https:\/\/www.ettwein.de\/gartenlounge\/wp-content\/uploads\/2024\/11\/Headerbilder_1440x590px_Traeume.jpg\",\"datePublished\":\"2024-10-25T12:57:34+00:00\",\"dateModified\":\"2026-03-25T15:14:19+00:00\",\"description\":\"Lassen Sie sich von unseren zahlreichen und extravaganten Referenzen zu Ihrem neuen Luxus-Gartenhaus inspirieren.\",\"breadcrumb\":{\"@id\":\"https:\/\/www.ettwein.de\/gartenlounge\/referenzen\/#breadcrumb\"},\"inLanguage\":\"de\",\"potentialAction\":[{\"@type\":\"ReadAction\",\"target\":[\"https:\/\/www.ettwein.de\/gartenlounge\/referenzen\/\"]}]},{\"@type\":\"ImageObject\",\"inLanguage\":\"de\",\"@id\":\"https:\/\/www.ettwein.de\/gartenlounge\/referenzen\/#primaryimage\",\"url\":\"https:\/\/www.ettwein.de\/gartenlounge\/wp-content\/uploads\/2024\/11\/Headerbilder_1440x590px_Traeume.jpg\",\"contentUrl\":\"https:\/\/www.ettwein.de\/gartenlounge\/wp-content\/uploads\/2024\/11\/Headerbilder_1440x590px_Traeume.jpg\",\"width\":1440,\"height\":590,\"caption\":\"Tr\u00e4ume, die schon wahr geworden sind.\"},{\"@type\":\"BreadcrumbList\",\"@id\":\"https:\/\/www.ettwein.de\/gartenlounge\/referenzen\/#breadcrumb\",\"itemListElement\":[{\"@type\":\"ListItem\",\"position\":1,\"name\":\"Startseite\",\"item\":\"https:\/\/www.ettwein.de\/gartenlounge\/\"},{\"@type\":\"ListItem\",\"position\":2,\"name\":\"Referenzen\"}]},{\"@type\":\"WebSite\",\"@id\":\"https:\/\/www.ettwein.de\/gartenlounge\/#website\",\"url\":\"https:\/\/www.ettwein.de\/gartenlounge\/\",\"name\":\"Ettwein Gartenlounge\",\"description\":\"\",\"publisher\":{\"@id\":\"https:\/\/www.ettwein.de\/gartenlounge\/#organization\"},\"potentialAction\":[{\"@type\":\"SearchAction\",\"target\":{\"@type\":\"EntryPoint\",\"urlTemplate\":\"https:\/\/www.ettwein.de\/gartenlounge\/?s={search_term_string}\"},\"query-input\":{\"@type\":\"PropertyValueSpecification\",\"valueRequired\":true,\"valueName\":\"search_term_string\"}}],\"inLanguage\":\"de\"},{\"@type\":\"Organization\",\"@id\":\"https:\/\/www.ettwein.de\/gartenlounge\/#organization\",\"name\":\"Ettwein GmbH\",\"url\":\"https:\/\/www.ettwein.de\/gartenlounge\/\",\"logo\":{\"@type\":\"ImageObject\",\"inLanguage\":\"de\",\"@id\":\"https:\/\/www.ettwein.de\/gartenlounge\/#\/schema\/logo\/image\/\",\"url\":\"https:\/\/www.ettwein.de\/gartenlounge\/wp-content\/uploads\/2024\/10\/image-1.svg\",\"contentUrl\":\"https:\/\/www.ettwein.de\/gartenlounge\/wp-content\/uploads\/2024\/10\/image-1.svg\",\"width\":1,\"height\":1,\"caption\":\"Ettwein GmbH\"},\"image\":{\"@id\":\"https:\/\/www.ettwein.de\/gartenlounge\/#\/schema\/logo\/image\/\"},\"sameAs\":[\"https:\/\/www.facebook.com\/EttweinHolzbau\/?locale=de_DE\",\"https:\/\/www.instagram.com\/ettweinholzbau\/\"]}]}<\/script>\n<!-- \/ Yoast SEO plugin. -->","yoast_head_json":{"title":"Ettwein Luxus-Gartenh\u00e4user. Entdecken Sie unsere Referenzen","description":"Lassen Sie sich von unseren zahlreichen und extravaganten Referenzen zu Ihrem neuen Luxus-Gartenhaus inspirieren.","robots":{"index":"index","follow":"follow","max-snippet":"max-snippet:-1","max-image-preview":"max-image-preview:large","max-video-preview":"max-video-preview:-1"},"canonical":"https:\/\/www.ettwein.de\/gartenlounge\/referenzen\/","og_locale":"de_DE","og_type":"article","og_title":"Ettwein Luxus-Gartenh\u00e4user. Entdecken Sie unsere Referenzen","og_description":"Lassen Sie sich von unseren zahlreichen und extravaganten Referenzen zu Ihrem neuen Luxus-Gartenhaus inspirieren.","og_url":"https:\/\/www.ettwein.de\/gartenlounge\/referenzen\/","og_site_name":"Ettwein Gartenlounge","article_publisher":"https:\/\/www.facebook.com\/EttweinHolzbau\/?locale=de_DE","article_modified_time":"2026-03-25T15:14:19+00:00","og_image":[{"width":1440,"height":590,"url":"https:\/\/www.ettwein.de\/gartenlounge\/wp-content\/uploads\/2024\/11\/Headerbilder_1440x590px_Traeume.jpg","type":"image\/jpeg"}],"twitter_card":"summary_large_image","schema":{"@context":"https:\/\/schema.org","@graph":[{"@type":"WebPage","@id":"https:\/\/www.ettwein.de\/gartenlounge\/referenzen\/","url":"https:\/\/www.ettwein.de\/gartenlounge\/referenzen\/","name":"Ettwein Luxus-Gartenh\u00e4user. Entdecken Sie unsere Referenzen","isPartOf":{"@id":"https:\/\/www.ettwein.de\/gartenlounge\/#website"},"primaryImageOfPage":{"@id":"https:\/\/www.ettwein.de\/gartenlounge\/referenzen\/#primaryimage"},"image":{"@id":"https:\/\/www.ettwein.de\/gartenlounge\/referenzen\/#primaryimage"},"thumbnailUrl":"https:\/\/www.ettwein.de\/gartenlounge\/wp-content\/uploads\/2024\/11\/Headerbilder_1440x590px_Traeume.jpg","datePublished":"2024-10-25T12:57:34+00:00","dateModified":"2026-03-25T15:14:19+00:00","description":"Lassen Sie sich von unseren zahlreichen und extravaganten Referenzen zu Ihrem neuen Luxus-Gartenhaus inspirieren.","breadcrumb":{"@id":"https:\/\/www.ettwein.de\/gartenlounge\/referenzen\/#breadcrumb"},"inLanguage":"de","potentialAction":[{"@type":"ReadAction","target":["https:\/\/www.ettwein.de\/gartenlounge\/referenzen\/"]}]},{"@type":"ImageObject","inLanguage":"de","@id":"https:\/\/www.ettwein.de\/gartenlounge\/referenzen\/#primaryimage","url":"https:\/\/www.ettwein.de\/gartenlounge\/wp-content\/uploads\/2024\/11\/Headerbilder_1440x590px_Traeume.jpg","contentUrl":"https:\/\/www.ettwein.de\/gartenlounge\/wp-content\/uploads\/2024\/11\/Headerbilder_1440x590px_Traeume.jpg","width":1440,"height":590,"caption":"Tr\u00e4ume, die schon wahr geworden sind."},{"@type":"BreadcrumbList","@id":"https:\/\/www.ettwein.de\/gartenlounge\/referenzen\/#breadcrumb","itemListElement":[{"@type":"ListItem","position":1,"name":"Startseite","item":"https:\/\/www.ettwein.de\/gartenlounge\/"},{"@type":"ListItem","position":2,"name":"Referenzen"}]},{"@type":"WebSite","@id":"https:\/\/www.ettwein.de\/gartenlounge\/#website","url":"https:\/\/www.ettwein.de\/gartenlounge\/","name":"Ettwein Gartenlounge","description":"","publisher":{"@id":"https:\/\/www.ettwein.de\/gartenlounge\/#organization"},"potentialAction":[{"@type":"SearchAction","target":{"@type":"EntryPoint","urlTemplate":"https:\/\/www.ettwein.de\/gartenlounge\/?s={search_term_string}"},"query-input":{"@type":"PropertyValueSpecification","valueRequired":true,"valueName":"search_term_string"}}],"inLanguage":"de"},{"@type":"Organization","@id":"https:\/\/www.ettwein.de\/gartenlounge\/#organization","name":"Ettwein GmbH","url":"https:\/\/www.ettwein.de\/gartenlounge\/","logo":{"@type":"ImageObject","inLanguage":"de","@id":"https:\/\/www.ettwein.de\/gartenlounge\/#\/schema\/logo\/image\/","url":"https:\/\/www.ettwein.de\/gartenlounge\/wp-content\/uploads\/2024\/10\/image-1.svg","contentUrl":"https:\/\/www.ettwein.de\/gartenlounge\/wp-content\/uploads\/2024\/10\/image-1.svg","width":1,"height":1,"caption":"Ettwein GmbH"},"image":{"@id":"https:\/\/www.ettwein.de\/gartenlounge\/#\/schema\/logo\/image\/"},"sameAs":["https:\/\/www.facebook.com\/EttweinHolzbau\/?locale=de_DE","https:\/\/www.instagram.com\/ettweinholzbau\/"]}]}},"_links":{"self":[{"href":"https:\/\/www.ettwein.de\/gartenlounge\/wp-json\/wp\/v2\/pages\/30"}],"collection":[{"href":"https:\/\/www.ettwein.de\/gartenlounge\/wp-json\/wp\/v2\/pages"}],"about":[{"href":"https:\/\/www.ettwein.de\/gartenlounge\/wp-json\/wp\/v2\/types\/page"}],"author":[{"embeddable":true,"href":"https:\/\/www.ettwein.de\/gartenlounge\/wp-json\/wp\/v2\/users\/1"}],"replies":[{"embeddable":true,"href":"https:\/\/www.ettwein.de\/gartenlounge\/wp-json\/wp\/v2\/comments?post=30"}],"version-history":[{"count":22,"href":"https:\/\/www.ettwein.de\/gartenlounge\/wp-json\/wp\/v2\/pages\/30\/revisions"}],"predecessor-version":[{"id":1268,"href":"https:\/\/www.ettwein.de\/gartenlounge\/wp-json\/wp\/v2\/pages\/30\/revisions\/1268"}],"wp:attachment":[{"href":"https:\/\/www.ettwein.de\/gartenlounge\/wp-json\/wp\/v2\/media?parent=30"}],"curies":[{"name":"wp","href":"https:\/\/api.w.org\/{rel}","templated":true}]}}